{"id":2085,"date":"2014-03-30T22:19:57","date_gmt":"2014-03-30T22:19:57","guid":{"rendered":"https:\/\/ourlandourbusiness.org\/?page_id=2085"},"modified":"2019-01-25T21:46:39","modified_gmt":"2019-01-25T21:46:39","slug":"participez","status":"publish","type":"page","link":"https:\/\/ourlandourbusiness.org\/fr\/participez\/","title":{"rendered":"Participez"},"content":{"rendered":"<div class=\"l-subsection\"><div class=\"l-subsection-h\"><div class=\"l-subsection-hh g-html i-cf\"><p>h4><a href=\"mailto:ourlandourbusiness@oaklandinstitute.org?subject=Sign up for OLOB Updates\">recevez les nouvelles de la campagne en envoyant un courrier \u00e9lectronique \u00e0: ourlandourbusiness@oaklandinstitute.org<\/a><\/h4>\n<div class=\"g-hr type_short\">\r\n\t\t\t\t\t\t<span class=\"g-hr-h\">\r\n\t\t\t\t\t\t\t<i class=\"fa fa-star\"><\/i>\r\n\t\t\t\t\t\t<\/span>\r\n\t\t\t\t\t<\/div>\n<h4><a href=\"https:\/\/ourlandourbusiness.org\/fr\/get-involved\/for-organisations\/\">Ajoutez votre organisation aux signataires<\/a><\/h4>\n<div class=\"g-hr type_short\">\r\n\t\t\t\t\t\t<span class=\"g-hr-h\">\r\n\t\t\t\t\t\t\t<i class=\"fa fa-star\"><\/i>\r\n\t\t\t\t\t\t<\/span>\r\n\t\t\t\t\t<\/div>\n<h4><a href=\"https:\/\/ourlandourbusiness.org\/fr\/get-involved\/download-posters-and-campaign-materials\/\">T\u00e9l\u00e9charger les affiches et les mat\u00e9riaux de campagne <\/a><\/h4>\n<\/div><\/div><\/div>","protected":false},"excerpt":{"rendered":"<p>h4>recevez les nouvelles de la campagne en envoyant un courrier \u00e9lectronique \u00e0: ourlandourbusiness@oaklandinstitute.org Ajoutez votre organisation aux signataires T\u00e9l\u00e9charger les affiches et&hellip;<\/p>\n","protected":false},"author":12,"featured_media":3452,"parent":0,"menu_order":0,"comment_status":"open","ping_status":"open","template":"page-sidebar_right.php","meta":{"footnotes":""},"class_list":["post-2085","page","type-page","status-publish","has-post-thumbnail","hentry"],"yoast_head":"<!-- This site is optimized with the Yoast SEO plugin v20.11 - https:\/\/yoast.com\/wordpress\/plugins\/seo\/ -->\n<title>Participez - Our Land Our Business<\/title>\n<meta name=\"robots\" content=\"index, follow, max-snippet:-1, max-image-preview:large, max-video-preview:-1\" \/>\n<link rel=\"canonical\" href=\"https:\/\/ourlandourbusiness.org\/fr\/participez\/\" \/>\n<meta property=\"og:locale\" content=\"fr_FR\" \/>\n<meta property=\"og:type\" content=\"article\" \/>\n<meta property=\"og:title\" content=\"Participez - Our Land Our Business\" \/>\n<meta property=\"og:description\" content=\"h4&gt;recevez les nouvelles de la campagne en envoyant un courrier \u00e9lectronique \u00e0: ourlandourbusiness@oaklandinstitute.org Ajoutez votre organisation aux signataires T\u00e9l\u00e9charger les affiches et&hellip;\" \/>\n<meta property=\"og:url\" content=\"https:\/\/ourlandourbusiness.org\/fr\/participez\/\" \/>\n<meta property=\"og:site_name\" content=\"Our Land Our Business\" \/>\n<meta property=\"article:modified_time\" content=\"2019-01-25T21:46:39+00:00\" \/>\n<meta property=\"og:image\" content=\"https:\/\/ourlandourbusiness.org\/wp-content\/uploads\/2019\/01\/highest-bidder-med.jpg\" \/>\n\t<meta property=\"og:image:width\" content=\"1000\" \/>\n\t<meta property=\"og:image:height\" content=\"569\" \/>\n\t<meta property=\"og:image:type\" content=\"image\/jpeg\" \/>\n<meta name=\"twitter:card\" content=\"summary_large_image\" \/>\n<script type=\"application\/ld+json\" class=\"yoast-schema-graph\">{\"@context\":\"https:\/\/schema.org\",\"@graph\":[{\"@type\":\"WebPage\",\"@id\":\"https:\/\/ourlandourbusiness.org\/fr\/participez\/\",\"url\":\"https:\/\/ourlandourbusiness.org\/fr\/participez\/\",\"name\":\"Participez - Our Land Our Business\",\"isPartOf\":{\"@id\":\"https:\/\/ourlandourbusiness.org\/fr\/#website\"},\"datePublished\":\"2014-03-30T22:19:57+00:00\",\"dateModified\":\"2019-01-25T21:46:39+00:00\",\"breadcrumb\":{\"@id\":\"https:\/\/ourlandourbusiness.org\/fr\/participez\/#breadcrumb\"},\"inLanguage\":\"fr-FR\",\"potentialAction\":[{\"@type\":\"ReadAction\",\"target\":[\"https:\/\/ourlandourbusiness.org\/fr\/participez\/\"]}]},{\"@type\":\"BreadcrumbList\",\"@id\":\"https:\/\/ourlandourbusiness.org\/fr\/participez\/#breadcrumb\",\"itemListElement\":[{\"@type\":\"ListItem\",\"position\":1,\"name\":\"Home\",\"item\":\"https:\/\/ourlandourbusiness.org\/fr\/\"},{\"@type\":\"ListItem\",\"position\":2,\"name\":\"Participez\"}]},{\"@type\":\"WebSite\",\"@id\":\"https:\/\/ourlandourbusiness.org\/fr\/#website\",\"url\":\"https:\/\/ourlandourbusiness.org\/fr\/\",\"name\":\"Our Land Our Business\",\"description\":\"\",\"publisher\":{\"@id\":\"https:\/\/ourlandourbusiness.org\/fr\/#organization\"},\"potentialAction\":[{\"@type\":\"SearchAction\",\"target\":{\"@type\":\"EntryPoint\",\"urlTemplate\":\"https:\/\/ourlandourbusiness.org\/fr\/?s={search_term_string}\"},\"query-input\":\"required name=search_term_string\"}],\"inLanguage\":\"fr-FR\"},{\"@type\":\"Organization\",\"@id\":\"https:\/\/ourlandourbusiness.org\/fr\/#organization\",\"name\":\"Our Land Our Business\",\"url\":\"https:\/\/ourlandourbusiness.org\/fr\/\",\"logo\":{\"@type\":\"ImageObject\",\"inLanguage\":\"fr-FR\",\"@id\":\"https:\/\/ourlandourbusiness.org\/fr\/#\/schema\/logo\/image\/\",\"url\":\"https:\/\/ourlandourbusiness.org\/wp-content\/uploads\/2014\/05\/OurLandOurBiz_final.jpg\",\"contentUrl\":\"https:\/\/ourlandourbusiness.org\/wp-content\/uploads\/2014\/05\/OurLandOurBiz_final.jpg\",\"width\":1689,\"height\":742,\"caption\":\"Our Land Our Business\"},\"image\":{\"@id\":\"https:\/\/ourlandourbusiness.org\/fr\/#\/schema\/logo\/image\/\"}}]}<\/script>\n<!-- \/ Yoast SEO plugin. -->","yoast_head_json":{"title":"Participez - Our Land Our Business","robots":{"index":"index","follow":"follow","max-snippet":"max-snippet:-1","max-image-preview":"max-image-preview:large","max-video-preview":"max-video-preview:-1"},"canonical":"https:\/\/ourlandourbusiness.org\/fr\/participez\/","og_locale":"fr_FR","og_type":"article","og_title":"Participez - Our Land Our Business","og_description":"h4>recevez les nouvelles de la campagne en envoyant un courrier \u00e9lectronique \u00e0: ourlandourbusiness@oaklandinstitute.org Ajoutez votre organisation aux signataires T\u00e9l\u00e9charger les affiches et&hellip;","og_url":"https:\/\/ourlandourbusiness.org\/fr\/participez\/","og_site_name":"Our Land Our Business","article_modified_time":"2019-01-25T21:46:39+00:00","og_image":[{"width":1000,"height":569,"url":"https:\/\/ourlandourbusiness.org\/wp-content\/uploads\/2019\/01\/highest-bidder-med.jpg","type":"image\/jpeg"}],"twitter_card":"summary_large_image","schema":{"@context":"https:\/\/schema.org","@graph":[{"@type":"WebPage","@id":"https:\/\/ourlandourbusiness.org\/fr\/participez\/","url":"https:\/\/ourlandourbusiness.org\/fr\/participez\/","name":"Participez - Our Land Our Business","isPartOf":{"@id":"https:\/\/ourlandourbusiness.org\/fr\/#website"},"datePublished":"2014-03-30T22:19:57+00:00","dateModified":"2019-01-25T21:46:39+00:00","breadcrumb":{"@id":"https:\/\/ourlandourbusiness.org\/fr\/participez\/#breadcrumb"},"inLanguage":"fr-FR","potentialAction":[{"@type":"ReadAction","target":["https:\/\/ourlandourbusiness.org\/fr\/participez\/"]}]},{"@type":"BreadcrumbList","@id":"https:\/\/ourlandourbusiness.org\/fr\/participez\/#breadcrumb","itemListElement":[{"@type":"ListItem","position":1,"name":"Home","item":"https:\/\/ourlandourbusiness.org\/fr\/"},{"@type":"ListItem","position":2,"name":"Participez"}]},{"@type":"WebSite","@id":"https:\/\/ourlandourbusiness.org\/fr\/#website","url":"https:\/\/ourlandourbusiness.org\/fr\/","name":"Our Land Our Business","description":"","publisher":{"@id":"https:\/\/ourlandourbusiness.org\/fr\/#organization"},"potentialAction":[{"@type":"SearchAction","target":{"@type":"EntryPoint","urlTemplate":"https:\/\/ourlandourbusiness.org\/fr\/?s={search_term_string}"},"query-input":"required name=search_term_string"}],"inLanguage":"fr-FR"},{"@type":"Organization","@id":"https:\/\/ourlandourbusiness.org\/fr\/#organization","name":"Our Land Our Business","url":"https:\/\/ourlandourbusiness.org\/fr\/","logo":{"@type":"ImageObject","inLanguage":"fr-FR","@id":"https:\/\/ourlandourbusiness.org\/fr\/#\/schema\/logo\/image\/","url":"https:\/\/ourlandourbusiness.org\/wp-content\/uploads\/2014\/05\/OurLandOurBiz_final.jpg","contentUrl":"https:\/\/ourlandourbusiness.org\/wp-content\/uploads\/2014\/05\/OurLandOurBiz_final.jpg","width":1689,"height":742,"caption":"Our Land Our Business"},"image":{"@id":"https:\/\/ourlandourbusiness.org\/fr\/#\/schema\/logo\/image\/"}}]}},"_links":{"self":[{"href":"https:\/\/ourlandourbusiness.org\/fr\/wp-json\/wp\/v2\/pages\/2085","targetHints":{"allow":["GET"]}}],"collection":[{"href":"https:\/\/ourlandourbusiness.org\/fr\/wp-json\/wp\/v2\/pages"}],"about":[{"href":"https:\/\/ourlandourbusiness.org\/fr\/wp-json\/wp\/v2\/types\/page"}],"author":[{"embeddable":true,"href":"https:\/\/ourlandourbusiness.org\/fr\/wp-json\/wp\/v2\/users\/12"}],"replies":[{"embeddable":true,"href":"https:\/\/ourlandourbusiness.org\/fr\/wp-json\/wp\/v2\/comments?post=2085"}],"version-history":[{"count":0,"href":"https:\/\/ourlandourbusiness.org\/fr\/wp-json\/wp\/v2\/pages\/2085\/revisions"}],"wp:featuredmedia":[{"embeddable":true,"href":"https:\/\/ourlandourbusiness.org\/fr\/wp-json\/wp\/v2\/media\/3452"}],"wp:attachment":[{"href":"https:\/\/ourlandourbusiness.org\/fr\/wp-json\/wp\/v2\/media?parent=2085"}],"curies":[{"name":"wp","href":"https:\/\/api.w.org\/{rel}","templated":true}]}}