{"id":2182,"date":"2014-03-17T13:59:45","date_gmt":"2014-03-17T13:59:45","guid":{"rendered":"https:\/\/ourlandourbusiness.org\/informes\/press-info\/"},"modified":"2014-04-28T13:20:06","modified_gmt":"2014-04-28T13:20:06","slug":"press-info","status":"publish","type":"page","link":"https:\/\/ourlandourbusiness.org\/es\/informes\/press-info\/","title":{"rendered":"Press Info"},"content":{"rendered":"<div class=\"l-subsection\"><div class=\"l-subsection-h\"><div class=\"l-subsection-hh g-html i-cf\"><h2>COMUNICADO DE PRENSA: 180 ORGANIZACIONES MUNDIALES EXIGEN QUE EL BANCO\u00a0 MUNDIAL CIERRE SUS RANKINGS DE NEGOCIO Y CLASIFICACIONES<\/h2>\n<p><strong>Jueves, 10 de abril 2014<\/strong><\/p>\n<p>PARA PUBLICACION INMEDIATA\u00a0 \u2014 EMBARGADO 10 de Abril 2014 a las 10am<\/p>\n<p>CONTACTO PARA LA PRENSA:<br \/>\nKristen Thomaselli<br \/>\n(202) 471-4228 ext. 101<br \/>\nkristen@keybridge.biz<\/p>\n<p><strong>OAKLAND, CA (10 de abril)<\/strong> \u2013 Al llegar las reuniones de primavera del Banco Mundial comenzar\u00e1 en Washington, DC, 180 organizaciones, incluidas las ONG, los sindicatos y los grupos de agricultores y de los consumidores de m\u00e1s de 80 pa\u00edses, exigen al Banco Mundial que termine sus Rankings <i>Doing Business <\/i>y su apoyo al robo desenfrenado de la tierra y los recursos de algunas de las personas m\u00e1s pobres del mundo &#8211; agricultores, pastores, y las comunidades ind\u00edgenas, muchos de los cuales son productores de alimentos esenciales para todo el planeta.<\/p>\n<p>&nbsp;<\/p>\n<p>&#8220;El Banco Mundial est\u00e1 facilitando la apropiaci\u00f3n de tierras y sembrando la pobreza, poniendo los intereses de los inversores extranjeros antes que los de la gente\u201d, dijo Anuradha Mittal, Director Ejecutivo del Oakland Institute.<\/p>\n<p>&nbsp;<\/p>\n<p>&#8220;Los peque\u00f1os agricultores son los primeros inversores y empresarios del sector agr\u00edcola en los pa\u00edses en desarrollo. En lugar de apoyarlos, el Banco Mundial impulsa el saqueo de los recursos para el beneficio de sus empresas extranjeras y empresarios locales &#8220;, dijo Alnoor Ladha, Director Ejecutivo de \/Las Reglas del Juego.<\/p>\n<p>&nbsp;<\/p>\n<p>Los Ranking <i>Doing Business <\/i>del Banco, que punt\u00faan los pa\u00edses seg\u00fan c\u00f3mo perciben los funcionarios Washington la &#8220;facilidad de hacer negocios&#8221; all\u00ed, han causado la desregulaci\u00f3n econ\u00f3mica por parte de los l\u00edderes de pa\u00edses en desarrollo con la esperanza de atraer inversi\u00f3n extranjera. Pero, lo que el Banco considera beneficioso para las empresas extranjeras es exactamente lo contrario, con mucha frecuencia, para las comunidades locales.<\/p>\n<p>&nbsp;<\/p>\n<p>&#8220;El ranking de <i>Doing Business <\/i>y el nuevo <i>Benchmarking de Empresas de Agricultura <\/i>que est\u00e1 desarrollando actualmente el Banco est\u00e1 presionando a los gobiernos a regalar su pa\u00eds a los intereses privados. Al contrario, ellos deben apoyar a la agricultura familiar y sostenible, su acceso seguro a la tierra, todo lo cual es la clave para la futura econ\u00f3mica, social y ambiental de nuestros pa\u00edses&#8221;, dijo Ibrahim Coulibaly, presidente de la Coordinadora Nacional de Organizaciones Campesinas de Mal\u00ed (CNOP) y Vicepresidente Presidente de la Red de Organizaciones Campesinas y de Productores de \u00c1frica Occidental (ROPPA).<\/p>\n<p>&nbsp;<\/p>\n<p>En el sector agr\u00edcola, la clasificaci\u00f3n alienta a los gobiernos a convertir en mercanc\u00eda su tierra &#8211; y a venderla o arrendara a los inversionistas extranjeros, independientemente de su impacto social o ambiental. Los peque\u00f1os agricultores, pastores y pueblos ind\u00edgenas son las v\u00edctimas de este enfoque, ya que los gobiernos y las corporaciones extranjeras trabajan mano a mano para desposeerles de su tierra \u00a0y obtener la aprobaci\u00f3n del Banco Mundial en el proceso.<\/p>\n<p>&nbsp;<\/p>\n<p>Los resultados han sido devastador. Gracias a las reformas y pol\u00edticas guiadas por el Banco, el 20 por ciento de la tierra cultivable en Sierra Leona tomada de las poblaciones rurales ha sido arrendado a los productores de ca\u00f1a de az\u00facar extranjera y de aceite de palma. En Liberia, los gigantes de aceite de palma brit\u00e1nicos, de Malasia y de Indonesia han asegurado contratos de arrendamiento a largo plazo por m\u00e1s de 1,5 millones de hect\u00e1reas de tierras que hab\u00edan sido ocupadas por las comunidades locales. En Filipinas, el tercer destino m\u00e1s popular del mundo para la inversi\u00f3n extranjera en tierras, 5,2 millones de hect\u00e1reas han sido adquiridos por las empresas<\/p>\n<p>&nbsp;<\/p>\n<p>&#8220;Los Rankings <i>Doing Business <\/i>son una espada de Damocles sobre las cabezas de nuestros l\u00edderes que esperan a su siguiente puntuaci\u00f3n en el ranking para ganar legitimidad ante las instituciones financieras internacionales, los que prescriben los planes de desarrollo para nuestros pa\u00edses, en lugar de los ciudadanos. Queremos nuestra autonom\u00eda para decidir el futuro de nuestra tierra, las pol\u00edticas agr\u00edcolas y alimentarias\u201d, dijo Amadou Kanout\u00e9, Director de CICODEV \u00c1frica.<\/p>\n<p>&nbsp;<\/p>\n<p>El problema de la apropiaci\u00f3n de tierras est\u00e1 a punto de empeorar. Bajo la presi\u00f3n del G-8 y con financiaci\u00f3n de la Fundaci\u00f3n Gates, el Banco est\u00e1 doblando hacia abajo con su fetiche para el Ranking a trav\u00e9s de la introducci\u00f3n de un nuevo programa llamado &#8220;Benchmarking de Empresas de Agricultura&#8221; (BBA). El objetivo expl\u00edcito del BBA es promover &#8220;la emergencia de un sector de la agricultura empresarial m\u00e1s fuerte.&#8221;<\/p>\n<p>&nbsp;<\/p>\n<p>&#8220;La BBA limitar\u00e1 la capacidad de los gobiernos a alcanzar sus propios objetivos de pol\u00edtica alimentaria, permitir\u00e1 la adquisici\u00f3n corporativa de la tierra y otros recursos, y reducir la protecci\u00f3n laboral para los trabajadores agr\u00edcolas que ya sufren de graves d\u00e9ficit de trabajo decente&#8221;, dijo Ron Oswald, Secretario General del sindicato mundial de los trabajadores agr\u00edcolas y alimentarias, la IUF.<\/p>\n<p>&nbsp;<\/p>\n<p>&#8220;Estamos de pie con los agricultores, pastores y pueblos ind\u00edgenas del mundo en desarrollo que est\u00e1n siendo arrollado por el agenda pro-corporativa del Banco Mundial&#8221;, a\u00f1adi\u00f3 Anuradha Mittal. &#8220;Iniciativas como los Rankings <i>Doing Business<\/i>\u00a0 del Banco Mundial alientan a los gobiernos a robar a los pobres para d\u00e1rselo a los ricos. Eso debe terminar&#8221;.<\/p>\n<p>&nbsp;<\/p>\n<p>###<\/p>\n<p>&nbsp;<\/p>\n<p>Para obtener m\u00e1s informaci\u00f3n o programar una entrevista con los portavoces de la campa\u00f1a, por favor p\u00f3ngase en contacto con Kristen Thomaselli al (202) 471-4228 ext. 101 <a href=\"mailto:kristen@keybridge.biz\">kristen@keybridge.biz<\/a>.<\/p>\n<p>&nbsp;<\/p>\n<p>Para leer el informe, <a href=\"mailto:http:\/\/www.oaklandinstitute.org\/willful-blindness-how-world-banks-doing-business-rankings-impoverish-smallholder-farmers\">\u2018La Ceguera Voluntaria: \u00bfC\u00f3mo Los Rankings <i>Doing Business <\/i>del Banco Mundial (DB) Empobrecen a los Peque\u00f1os Agricultores\u2019<\/a>, as\u00ed como fichas de datos nacionales sobre el mal negocio del Banco Mundial en el mundo en desarrollo, por favor visite: <a href=\"http:\/\/www.ourlandourbus.wpengine.com\">http:\/\/www.ourlandourbus.wpengine.com<\/a><\/p>\n<p>&nbsp;<\/p>\n<h2>El Banco Mundial, acusado de destruir la agricultura tradicional para apoyar el acaparamiento de tierras de los consorcios empresariales<\/h2>\n<p><a href=\"https:\/\/ourlandourbus.wpengine.com\/wp-content\/uploads\/2014\/04\/PRESS-RELEASE-SPANISH.docx\" target=\"_blank\">Descarga el comunicado de prensa<\/a><\/p>\n<p><b>&#8212;PARA SU INMEDIATA PUBLICACI\u00d3N&#8212;<br \/>\n<\/b><\/p>\n<p>CONTACTO:<br \/>\nKristen Thomaselli<br \/>\n(202) 471-4228 ext. 101<br \/>\nkristen@keybridge.biz<\/p>\n<p>El Banco Mundial, acusado de destruir la agricultura tradicional para apoyar el acaparamiento de tierras de los consorcios empresariales<\/p>\n<p><strong>Oakland, California, 31de marzo<\/strong>.\u2014 El d\u00eda de hoy, el Instituto Oakland y \/The Rules, en colaboraci\u00f3n con otras organizaciones no gubernamentales, de agricultores y de consumidores del mundo entero, lanzaron una campa\u00f1a llamada \u201cNuestra Tierra, Nuestro Negocio\u201d, encaminada a responsabilizar al Banco Mundial por la funci\u00f3n que desempe\u00f1a en el robo desenfrenado de la tierra y los recursos de algunos de los pueblos m\u00e1s pobres del mundo, de granjeros, pastores y comunidades ind\u00edgenas que, no obstante, son quienes aseguran la producci\u00f3n de alimentos para el planeta entero.<\/p>\n<p>\u201cEl Banco Mundial est\u00e1 facilitando el acaparamiento de las tierras y sembrando pobreza al favorecer los intereses de los inversionistas extranjeros en detrimento de los de las poblaciones locales\u201d, declar\u00f3 Anuradha Mittal, directora ejecutiva del Instituto Oakland.<\/p>\n<p>\u201cLos campesinos, los peque\u00f1os ganaderos y pastores son quienes actualmente alimentan al 80% de la poblaci\u00f3n de los pa\u00edses en v\u00edas de industrializaci\u00f3n. El hecho de que el Banco Mundial los margine en provecho de las empresas agroindustriales occidentales traiciona la descuidada estrategia de desarrollo a corto plazo de la instituci\u00f3n\u201d, indic\u00f3 Alnoor Ladha, director ejecutivo de \/The Rules.<\/p>\n<p>Las calificaciones de facilidad para hacer negocios del Banco Mundial, que clasifican a los pa\u00edses en funci\u00f3n de la forma como los tecn\u00f3cratas de Washington perciben que es \u201cf\u00e1cil hacer negocios\u201d han forzado a muchos mandatarios de pa\u00edses en desarrollo a desregular sus econom\u00edas con la esperanza de atraer la inversi\u00f3n extranjera. Pero lo que el Banco Mundial considera ben\u00e9fico para las empresas extranjeras muchas veces es exactamente lo contrario para los agricultores, ganadores y pastores de esos pa\u00edses.<\/p>\n<p>En el sector agr\u00edcola, las calificaciones para hacer negocios han estimulado a los gobiernos a convertir sus tierras en una mercanc\u00eda: y a venderla o a rentarla a los inversionistas extranjeros, independientemente del impacto social o ambiental. Los campesinos, los ganaderos, los pastores, los pueblos ind\u00edgenas, son las v\u00edctimas de esta aproximaci\u00f3n, mientras que los gobiernos y las empresas transnacionales que trabajan mano a mano para despojarlos de sus tierras y, en el proceso, obtener el apoyo del Banco Mundial.<\/p>\n<p>Las consecuencias han sido ya devastadoras. Gracias a las reformas y a las pol\u00edticas guiadas por el Banco, Sierra Leone les ha quitado a las poblaciones rurales del pa\u00eds el 20% de sus tierras arables y se las ha rentado a los productores extranjeros de ca\u00f1a de az\u00facar y de aceite de palma. Y, en Liberia, las gigantescas productoras de aceite de palma brit\u00e1nicas, malasias e indonesias han obtenido contratos a largo plazo sobre m\u00e1s de 1.5 millones de acres de tierras que pertenec\u00edan tradicionalmente a las comunidades locales.<\/p>\n<p>Ahora, el problema del acaparamiento de las tierras est\u00e1 por empeorar. Bajo la presi\u00f3n del G8 y con el apoyo financiero de la Fundaci\u00f3n Gates, el Banco est\u00e1 duplicando la metodolog\u00eda de su clasificaci\u00f3n fetiche para aplicarla a un nuevo programa denominado en ingl\u00e9s Benchmarking the Business of Agriculture (BBA), que quiere decir hacer estudios comparativos del negocio de agricultura. El objetivo expl\u00edcito del BBA es promover \u201cla emergencia de un sector agr\u00edcola comercial fuerte\u201d. Las clasificaciones del BBA recompensar\u00e1n de hecho la desregulaci\u00f3n de los sectores agr\u00edcolas mientras se espera que faciliten a\u00fan m\u00e1s el acaparamiento de las tierras en el mundo entero.<\/p>\n<p>\u201cEstamos haciendo un frente de defensa con los campesinos, los ganaderos, los pastores y los pueblos aut\u00f3ctonos de los pa\u00edses en desarrollo que hoy est\u00e1n siendo arrasados por la agenda empresarial del Banco Mundial \u2014a\u00f1adi\u00f3 Anuradha Mittal\u2014. Iniciativas como las clasificaciones de facilidad para hacer negocios del Banco animan a los gobiernos a robarles a los pobres para darles a los ricos. Eso se tiene que acabar.\u201d<\/p>\n<p>###<\/p>\n<p>Para m\u00e1s informes o para programar una entrevista con Anuradha Mittal y Alnoor Ladha, por favor comun\u00edquese con Kristen Thomaselli al (202) 471-4228 ext. 101 o a kristen@keybridge.biz.<\/p>\n<p>Visite este enlace para leer el informe Ceguera intencional: c\u00f3mo las clasificaciones del Banco Mundial empobrecen a los campesinos, junto con las hojas de datos de los pa\u00edses sobre los negocios perjudiciales del Banco Mundial en los pa\u00edses en v\u00edas de industrializaci\u00f3n:<br \/>\nwww.ourlandourbus.wpengine.com<\/p>\n<p><strong>Sobre el Instituto Oakland<\/strong><\/p>\n<p>El Instituto Oakland es un c\u00edrculo de reflexi\u00f3n independiente cuya misi\u00f3n es incrementar la participaci\u00f3n ciudadana y promover un debate equitativo sobre las cuestiones sociales, econ\u00f3micas y ambientales (www.oaklandinstitute.org).<\/p>\n<p><strong>Sobre \/The Rules (\/TR) (Las Reglas del Juego)<\/strong><\/p>\n<p>\/TR es una red mundial de organizadores y activistas que se proponen replantear y redistribuir el poder para quienes actualmente son los m\u00e1s pobres y marginados. \/TR trabaja con organizaciones de la sociedad civil, con movimientos sociales y con activistas de las bases comunitarias para crear campa\u00f1as intercomunitarias que movilicen a la gente con el objetivo de cambiar las pol\u00edticas, las pr\u00e1cticas, las creencias y las causas estructurales de la desigualdad y de la pobreza (www.therules.org).<\/p>\n<\/div><\/div><\/div>","protected":false},"excerpt":{"rendered":"<p>COMUNICADO DE PRENSA: 180 ORGANIZACIONES MUNDIALES EXIGEN QUE EL BANCO\u00a0 MUNDIAL CIERRE SUS RANKINGS DE NEGOCIO Y CLASIFICACIONES Jueves, 10 de abril&hellip;<\/p>\n","protected":false},"author":12,"featured_media":3452,"parent":2079,"menu_order":0,"comment_status":"open","ping_status":"open","template":"","meta":{"footnotes":""},"class_list":["post-2182","page","type-page","status-publish","has-post-thumbnail","hentry"],"yoast_head":"<!-- This site is optimized with the Yoast SEO plugin v20.11 - https:\/\/yoast.com\/wordpress\/plugins\/seo\/ -->\n<title>Press Info - Our Land Our Business<\/title>\n<meta name=\"robots\" content=\"index, follow, max-snippet:-1, max-image-preview:large, max-video-preview:-1\" \/>\n<link rel=\"canonical\" href=\"https:\/\/ourlandourbusiness.org\/es\/informes\/press-info\/\" \/>\n<meta property=\"og:locale\" content=\"es_ES\" \/>\n<meta property=\"og:type\" content=\"article\" \/>\n<meta property=\"og:title\" content=\"Press Info - Our Land Our Business\" \/>\n<meta property=\"og:description\" content=\"COMUNICADO DE PRENSA: 180 ORGANIZACIONES MUNDIALES EXIGEN QUE EL BANCO\u00a0 MUNDIAL CIERRE SUS RANKINGS DE NEGOCIO Y CLASIFICACIONES Jueves, 10 de abril&hellip;\" \/>\n<meta property=\"og:url\" content=\"https:\/\/ourlandourbusiness.org\/es\/informes\/press-info\/\" \/>\n<meta property=\"og:site_name\" content=\"Our Land Our Business\" \/>\n<meta property=\"article:modified_time\" content=\"2014-04-28T13:20:06+00:00\" \/>\n<meta property=\"og:image\" content=\"https:\/\/ourlandourbusiness.org\/wp-content\/uploads\/2019\/01\/highest-bidder-med.jpg\" \/>\n\t<meta property=\"og:image:width\" content=\"1000\" \/>\n\t<meta property=\"og:image:height\" content=\"569\" \/>\n\t<meta property=\"og:image:type\" content=\"image\/jpeg\" \/>\n<meta name=\"twitter:card\" content=\"summary_large_image\" \/>\n<meta name=\"twitter:label1\" content=\"Est. reading time\" \/>\n\t<meta name=\"twitter:data1\" content=\"9 minutes\" \/>\n<script type=\"application\/ld+json\" class=\"yoast-schema-graph\">{\"@context\":\"https:\/\/schema.org\",\"@graph\":[{\"@type\":\"WebPage\",\"@id\":\"https:\/\/ourlandourbusiness.org\/es\/informes\/press-info\/\",\"url\":\"https:\/\/ourlandourbusiness.org\/es\/informes\/press-info\/\",\"name\":\"Press Info - Our Land Our Business\",\"isPartOf\":{\"@id\":\"https:\/\/ourlandourbusiness.org\/es\/#website\"},\"datePublished\":\"2014-03-17T13:59:45+00:00\",\"dateModified\":\"2014-04-28T13:20:06+00:00\",\"breadcrumb\":{\"@id\":\"https:\/\/ourlandourbusiness.org\/es\/informes\/press-info\/#breadcrumb\"},\"inLanguage\":\"es-ES\",\"potentialAction\":[{\"@type\":\"ReadAction\",\"target\":[\"https:\/\/ourlandourbusiness.org\/es\/informes\/press-info\/\"]}]},{\"@type\":\"BreadcrumbList\",\"@id\":\"https:\/\/ourlandourbusiness.org\/es\/informes\/press-info\/#breadcrumb\",\"itemListElement\":[{\"@type\":\"ListItem\",\"position\":1,\"name\":\"Home\",\"item\":\"https:\/\/ourlandourbusiness.org\/es\/\"},{\"@type\":\"ListItem\",\"position\":2,\"name\":\"INFORMES\",\"item\":\"https:\/\/ourlandourbusiness.org\/es\/informes\/\"},{\"@type\":\"ListItem\",\"position\":3,\"name\":\"Press Info\"}]},{\"@type\":\"WebSite\",\"@id\":\"https:\/\/ourlandourbusiness.org\/es\/#website\",\"url\":\"https:\/\/ourlandourbusiness.org\/es\/\",\"name\":\"Our Land Our Business\",\"description\":\"\",\"publisher\":{\"@id\":\"https:\/\/ourlandourbusiness.org\/es\/#organization\"},\"potentialAction\":[{\"@type\":\"SearchAction\",\"target\":{\"@type\":\"EntryPoint\",\"urlTemplate\":\"https:\/\/ourlandourbusiness.org\/es\/?s={search_term_string}\"},\"query-input\":\"required name=search_term_string\"}],\"inLanguage\":\"es-ES\"},{\"@type\":\"Organization\",\"@id\":\"https:\/\/ourlandourbusiness.org\/es\/#organization\",\"name\":\"Our Land Our Business\",\"url\":\"https:\/\/ourlandourbusiness.org\/es\/\",\"logo\":{\"@type\":\"ImageObject\",\"inLanguage\":\"es-ES\",\"@id\":\"https:\/\/ourlandourbusiness.org\/es\/#\/schema\/logo\/image\/\",\"url\":\"https:\/\/ourlandourbusiness.org\/wp-content\/uploads\/2014\/05\/OurLandOurBiz_final.jpg\",\"contentUrl\":\"https:\/\/ourlandourbusiness.org\/wp-content\/uploads\/2014\/05\/OurLandOurBiz_final.jpg\",\"width\":1689,\"height\":742,\"caption\":\"Our Land Our Business\"},\"image\":{\"@id\":\"https:\/\/ourlandourbusiness.org\/es\/#\/schema\/logo\/image\/\"}}]}<\/script>\n<!-- \/ Yoast SEO plugin. -->","yoast_head_json":{"title":"Press Info - Our Land Our Business","robots":{"index":"index","follow":"follow","max-snippet":"max-snippet:-1","max-image-preview":"max-image-preview:large","max-video-preview":"max-video-preview:-1"},"canonical":"https:\/\/ourlandourbusiness.org\/es\/informes\/press-info\/","og_locale":"es_ES","og_type":"article","og_title":"Press Info - Our Land Our Business","og_description":"COMUNICADO DE PRENSA: 180 ORGANIZACIONES MUNDIALES EXIGEN QUE EL BANCO\u00a0 MUNDIAL CIERRE SUS RANKINGS DE NEGOCIO Y CLASIFICACIONES Jueves, 10 de abril&hellip;","og_url":"https:\/\/ourlandourbusiness.org\/es\/informes\/press-info\/","og_site_name":"Our Land Our Business","article_modified_time":"2014-04-28T13:20:06+00:00","og_image":[{"width":1000,"height":569,"url":"https:\/\/ourlandourbusiness.org\/wp-content\/uploads\/2019\/01\/highest-bidder-med.jpg","type":"image\/jpeg"}],"twitter_card":"summary_large_image","twitter_misc":{"Est. reading time":"9 minutes"},"schema":{"@context":"https:\/\/schema.org","@graph":[{"@type":"WebPage","@id":"https:\/\/ourlandourbusiness.org\/es\/informes\/press-info\/","url":"https:\/\/ourlandourbusiness.org\/es\/informes\/press-info\/","name":"Press Info - Our Land Our Business","isPartOf":{"@id":"https:\/\/ourlandourbusiness.org\/es\/#website"},"datePublished":"2014-03-17T13:59:45+00:00","dateModified":"2014-04-28T13:20:06+00:00","breadcrumb":{"@id":"https:\/\/ourlandourbusiness.org\/es\/informes\/press-info\/#breadcrumb"},"inLanguage":"es-ES","potentialAction":[{"@type":"ReadAction","target":["https:\/\/ourlandourbusiness.org\/es\/informes\/press-info\/"]}]},{"@type":"BreadcrumbList","@id":"https:\/\/ourlandourbusiness.org\/es\/informes\/press-info\/#breadcrumb","itemListElement":[{"@type":"ListItem","position":1,"name":"Home","item":"https:\/\/ourlandourbusiness.org\/es\/"},{"@type":"ListItem","position":2,"name":"INFORMES","item":"https:\/\/ourlandourbusiness.org\/es\/informes\/"},{"@type":"ListItem","position":3,"name":"Press Info"}]},{"@type":"WebSite","@id":"https:\/\/ourlandourbusiness.org\/es\/#website","url":"https:\/\/ourlandourbusiness.org\/es\/","name":"Our Land Our Business","description":"","publisher":{"@id":"https:\/\/ourlandourbusiness.org\/es\/#organization"},"potentialAction":[{"@type":"SearchAction","target":{"@type":"EntryPoint","urlTemplate":"https:\/\/ourlandourbusiness.org\/es\/?s={search_term_string}"},"query-input":"required name=search_term_string"}],"inLanguage":"es-ES"},{"@type":"Organization","@id":"https:\/\/ourlandourbusiness.org\/es\/#organization","name":"Our Land Our Business","url":"https:\/\/ourlandourbusiness.org\/es\/","logo":{"@type":"ImageObject","inLanguage":"es-ES","@id":"https:\/\/ourlandourbusiness.org\/es\/#\/schema\/logo\/image\/","url":"https:\/\/ourlandourbusiness.org\/wp-content\/uploads\/2014\/05\/OurLandOurBiz_final.jpg","contentUrl":"https:\/\/ourlandourbusiness.org\/wp-content\/uploads\/2014\/05\/OurLandOurBiz_final.jpg","width":1689,"height":742,"caption":"Our Land Our Business"},"image":{"@id":"https:\/\/ourlandourbusiness.org\/es\/#\/schema\/logo\/image\/"}}]}},"_links":{"self":[{"href":"https:\/\/ourlandourbusiness.org\/es\/wp-json\/wp\/v2\/pages\/2182","targetHints":{"allow":["GET"]}}],"collection":[{"href":"https:\/\/ourlandourbusiness.org\/es\/wp-json\/wp\/v2\/pages"}],"about":[{"href":"https:\/\/ourlandourbusiness.org\/es\/wp-json\/wp\/v2\/types\/page"}],"author":[{"embeddable":true,"href":"https:\/\/ourlandourbusiness.org\/es\/wp-json\/wp\/v2\/users\/12"}],"replies":[{"embeddable":true,"href":"https:\/\/ourlandourbusiness.org\/es\/wp-json\/wp\/v2\/comments?post=2182"}],"version-history":[{"count":0,"href":"https:\/\/ourlandourbusiness.org\/es\/wp-json\/wp\/v2\/pages\/2182\/revisions"}],"up":[{"embeddable":true,"href":"https:\/\/ourlandourbusiness.org\/es\/wp-json\/wp\/v2\/pages\/2079"}],"wp:featuredmedia":[{"embeddable":true,"href":"https:\/\/ourlandourbusiness.org\/es\/wp-json\/wp\/v2\/media\/3452"}],"wp:attachment":[{"href":"https:\/\/ourlandourbusiness.org\/es\/wp-json\/wp\/v2\/media?parent=2182"}],"curies":[{"name":"wp","href":"https:\/\/api.w.org\/{rel}","templated":true}]}}