{"id":2175,"date":"2014-03-14T14:08:57","date_gmt":"2014-03-14T14:08:57","guid":{"rendered":"https:\/\/ourlandourbusiness.org\/participa\/for-organisations\/"},"modified":"2015-05-13T12:31:16","modified_gmt":"2015-05-13T12:31:16","slug":"for-organisations","status":"publish","type":"page","link":"https:\/\/ourlandourbusiness.org\/es\/participa\/for-organisations\/","title":{"rendered":"Sign The Joint Statement For Organizations"},"content":{"rendered":"<div class=\"l-subsection\"><div class=\"l-subsection-h\"><div class=\"l-subsection-hh g-html i-cf\"><h1>FIRMA LA DECLARACI\u00d3N CONJUNTA DE ORGANIZACIONES<\/h1>\n<p>S\u00famate a nuestra demanda para decirle al Banco Mundial que no es su negocio clasificar pa\u00edses y abrirlos a la inversi\u00f3n extranjera, la cual est\u00e1 ansiosa por acaparar sus recursos naturales y su mano de obra barata.<br \/>\nAy\u00fadanos a impugnar la funci\u00f3n que cumple el Banco Mundial en el acaparamiento a gran escala, tan destructivo para el medio ambiente y la sociedad. Eso es posible exigiendo que:<\/p>\n<ul>\n<li>Ponga fin a las calificaciones de facilidad para hacer negocio (las Doing Business Rankings, en ingl\u00e9s).<\/li>\n<li>Acabe con el desarrollo de su nuevo instrumento de estudios comparativos del negocio de agricultura.<\/li>\n<\/ul>\n<p>Junto con tu organizaci\u00f3n, hazte miembro activo de la campa\u00f1a NUESTRA TIERRA, NUESTRO NEGOCIO y apoya a los ciudadanos, a las organizaciones de la sociedad civil y a los gobiernos en su rechazo a la pr\u00e1ctica del Banco Mundial de clasificar a sus pa\u00edses bas\u00e1ndose en qu\u00e9 tanto les facilitan a los negocios extranjeros explotarlos. Defiende junto con nosotros nuestra exigencia de que los tecn\u00f3cratas de Washington no tienen ning\u00fan derecho de calificar a las naciones soberanas, ni de forzarlas a liberalizar y desregular sus econom\u00edas.<br \/>\nAnimamos a todas las organizaciones preocupadas por el modelo de \u201cdesarrollo\u201d del Banco Mundial a que se sumen a la campa\u00f1a NUESTRA TIERRA, NUESTRO NEGOCIO:<br \/>\n<strong>1. Suscribe a tu organizaci\u00f3n como firmante de la declaraci\u00f3n aqu\u00ed adjunta mandando un correo a <a href=\"mailto:ourlandourbusiness@therules.org\" target=\"_blank\">ourlandourbusiness@therules.org<\/a> o completando el breve formulario que aparece a continuaci\u00f3n, indicando tu nombre, el de tu organizaci\u00f3n, tu pa\u00eds y el correo electr\u00f3nico de contacto.\u00a0La declaraci\u00f3n aprobada y firmada por m\u00e1s de 180 organizaciones fue presentado al Banco Mundial en la reuni\u00f3n de primavera en Washington el 11 de abril de 2014. El Banco no ha respondido oficialmente a nuestra demanda de poner fin a los Rankings <i>Doing Business<\/i> y el proyecto <i>Benchmarking the Business of Agriculture<\/i>. Es esencial aumentar el n\u00famero de signatarios de organizaciones con el fin de seguir ejerciendo presi\u00f3n sobre el Banco. En consecuencia, una lista actualizada de firmantes ser\u00e1 comunicada al Banco en una fecha posterior.<\/strong><\/p>\n<p><strong><\/strong><br \/>\n2. Convi\u00e9rtete en miembro activo de la campa\u00f1a NUESTRA TIERRA, NUESTRO NEGOCIO movilizando a grupos y ciudadanos, explicando a los medios de comunicaci\u00f3n, a los funcionarios de los gobiernos y a los parlamentos, coordinando acciones y compartiendo tu experiencia e ideas con otros grupos que podr\u00edan participar activamente en este movimiento.<br \/>\n<strong>\u00a1Juntos, podemos detener esto!<\/strong><\/p>\n<div class=\"g-hr\">\r\n\t\t\t\t\t\t<span class=\"g-hr-h\">\r\n\t\t\t\t\t\t\t<i class=\"fa fa-star\"><\/i>\r\n\t\t\t\t\t\t<\/span>\r\n\t\t\t\t\t<\/div>\n<div class=\"g-cols\">\n<div class=\"one-third\">\n<h2>English<\/h2>\n<p><a href=\"https:\/\/ourlandourbus.wpengine.com\/wp-content\/uploads\/2014\/04\/Joint-statement-Our-Land-Our-Business.pdf\" target=\"_blank\">Joint statement Our Land Our Business<\/a><\/p>\n<\/div>\n<div class=\"one-third\">\n<h2>Francais<\/h2>\n<p><a href=\"https:\/\/ourlandourbus.wpengine.com\/wp-content\/uploads\/2015\/05\/De\u0301claration-Commune-Nos-Terres-Notre-Business-3.pdf\" target=\"_blank\">D\u00e9claration Commune Nos Terres Notre Business<\/a><\/p>\n<\/div>\n<div class=\"one-third\">\n<h2>Espa\u00f1ol<\/h2>\n<p><a href=\"https:\/\/ourlandourbus.wpengine.com\/wp-content\/uploads\/2014\/04\/Declaracion-Conjunta-Nuestra-Tierra-Nuestro-Business.pdf\" target=\"_blank\">Declaracion Conjunta Nuestra Tierra Nuestro<\/a><\/p>\n<\/div>\n<\/div>\n<div class=\"g-hr\">\r\n\t\t\t\t\t\t<span class=\"g-hr-h\">\r\n\t\t\t\t\t\t\t<i class=\"fa fa-star\"><\/i>\r\n\t\t\t\t\t\t<\/span>\r\n\t\t\t\t\t<\/div>\n<div class=\"g-cols\">\n<div class=\"one-third\"><\/div>\n<div class=\"one-third\">\n<p><!-- www.123contactform.com script begins here --><\/p>\n<p><script type=\"text\/javascript\">\/\/ <!&#091;CDATA&#091;\nvar servicedomain=\"www.123contactform.com\"; var frmRef=''; try { frmRef=window.top.location.href; } catch(err) {}; var cfJsHost = ((\"https:\" == document.location.protocol) ? \"https:\/\/\" : \"http:\/\/\"); document.write(unescape(\"%3Cscript src='\" + cfJsHost + servicedomain + \"\/includes\/easyXDM.min.js' type='text\/javascript'%3E%3C\/script%3E\")); frmRef=encodeURIComponent(frmRef).replace('%26','&#091;%ANDCHAR%&#093;'); document.write(unescape(\"%3Cscript src='\" + cfJsHost + servicedomain + \"\/jsform-918160.js?ref=\"+frmRef+\"' type='text\/javascript'%3E%3C\/script%3E\"));\n\/\/ &#093;&#093;><\/script><\/p>\n<p><!-- www.123contactform.com script ends here --><\/p>\n<\/div>\n<div class=\"one-third\"><\/div>\n<\/div>\n<\/div><\/div><\/div>","protected":false},"excerpt":{"rendered":"<p>FIRMA LA DECLARACI\u00d3N CONJUNTA DE ORGANIZACIONES S\u00famate a nuestra demanda para decirle al Banco Mundial que no es su negocio clasificar pa\u00edses&hellip;<\/p>\n","protected":false},"author":12,"featured_media":3452,"parent":2083,"menu_order":0,"comment_status":"open","ping_status":"open","template":"","meta":{"footnotes":""},"class_list":["post-2175","page","type-page","status-publish","has-post-thumbnail","hentry"],"yoast_head":"<!-- This site is optimized with the Yoast SEO plugin v20.11 - https:\/\/yoast.com\/wordpress\/plugins\/seo\/ -->\n<title>Sign The Joint Statement For Organizations - Our Land Our Business<\/title>\n<meta name=\"robots\" content=\"index, follow, max-snippet:-1, max-image-preview:large, max-video-preview:-1\" \/>\n<link rel=\"canonical\" href=\"https:\/\/ourlandourbusiness.org\/es\/participa\/for-organisations\/\" \/>\n<meta property=\"og:locale\" content=\"es_ES\" \/>\n<meta property=\"og:type\" content=\"article\" \/>\n<meta property=\"og:title\" content=\"Sign The Joint Statement For Organizations - Our Land Our Business\" \/>\n<meta property=\"og:description\" content=\"FIRMA LA DECLARACI\u00d3N CONJUNTA DE ORGANIZACIONES S\u00famate a nuestra demanda para decirle al Banco Mundial que no es su negocio clasificar pa\u00edses&hellip;\" \/>\n<meta property=\"og:url\" content=\"https:\/\/ourlandourbusiness.org\/es\/participa\/for-organisations\/\" \/>\n<meta property=\"og:site_name\" content=\"Our Land Our Business\" \/>\n<meta property=\"article:modified_time\" content=\"2015-05-13T12:31:16+00:00\" \/>\n<meta property=\"og:image\" content=\"https:\/\/ourlandourbusiness.org\/wp-content\/uploads\/2019\/01\/highest-bidder-med.jpg\" \/>\n\t<meta property=\"og:image:width\" content=\"1000\" \/>\n\t<meta property=\"og:image:height\" content=\"569\" \/>\n\t<meta property=\"og:image:type\" content=\"image\/jpeg\" \/>\n<meta name=\"twitter:card\" content=\"summary_large_image\" \/>\n<meta name=\"twitter:label1\" content=\"Est. reading time\" \/>\n\t<meta name=\"twitter:data1\" content=\"2 minutes\" \/>\n<script type=\"application\/ld+json\" class=\"yoast-schema-graph\">{\"@context\":\"https:\/\/schema.org\",\"@graph\":[{\"@type\":\"WebPage\",\"@id\":\"https:\/\/ourlandourbusiness.org\/es\/participa\/for-organisations\/\",\"url\":\"https:\/\/ourlandourbusiness.org\/es\/participa\/for-organisations\/\",\"name\":\"Sign The Joint Statement For Organizations - Our Land Our Business\",\"isPartOf\":{\"@id\":\"https:\/\/ourlandourbusiness.org\/es\/#website\"},\"datePublished\":\"2014-03-14T14:08:57+00:00\",\"dateModified\":\"2015-05-13T12:31:16+00:00\",\"breadcrumb\":{\"@id\":\"https:\/\/ourlandourbusiness.org\/es\/participa\/for-organisations\/#breadcrumb\"},\"inLanguage\":\"es-ES\",\"potentialAction\":[{\"@type\":\"ReadAction\",\"target\":[\"https:\/\/ourlandourbusiness.org\/es\/participa\/for-organisations\/\"]}]},{\"@type\":\"BreadcrumbList\",\"@id\":\"https:\/\/ourlandourbusiness.org\/es\/participa\/for-organisations\/#breadcrumb\",\"itemListElement\":[{\"@type\":\"ListItem\",\"position\":1,\"name\":\"Home\",\"item\":\"https:\/\/ourlandourbusiness.org\/es\/\"},{\"@type\":\"ListItem\",\"position\":2,\"name\":\"PARTICIPA\",\"item\":\"https:\/\/ourlandourbusiness.org\/es\/participa\/\"},{\"@type\":\"ListItem\",\"position\":3,\"name\":\"Sign The Joint Statement For Organizations\"}]},{\"@type\":\"WebSite\",\"@id\":\"https:\/\/ourlandourbusiness.org\/es\/#website\",\"url\":\"https:\/\/ourlandourbusiness.org\/es\/\",\"name\":\"Our Land Our Business\",\"description\":\"\",\"publisher\":{\"@id\":\"https:\/\/ourlandourbusiness.org\/es\/#organization\"},\"potentialAction\":[{\"@type\":\"SearchAction\",\"target\":{\"@type\":\"EntryPoint\",\"urlTemplate\":\"https:\/\/ourlandourbusiness.org\/es\/?s={search_term_string}\"},\"query-input\":\"required name=search_term_string\"}],\"inLanguage\":\"es-ES\"},{\"@type\":\"Organization\",\"@id\":\"https:\/\/ourlandourbusiness.org\/es\/#organization\",\"name\":\"Our Land Our Business\",\"url\":\"https:\/\/ourlandourbusiness.org\/es\/\",\"logo\":{\"@type\":\"ImageObject\",\"inLanguage\":\"es-ES\",\"@id\":\"https:\/\/ourlandourbusiness.org\/es\/#\/schema\/logo\/image\/\",\"url\":\"https:\/\/ourlandourbusiness.org\/wp-content\/uploads\/2014\/05\/OurLandOurBiz_final.jpg\",\"contentUrl\":\"https:\/\/ourlandourbusiness.org\/wp-content\/uploads\/2014\/05\/OurLandOurBiz_final.jpg\",\"width\":1689,\"height\":742,\"caption\":\"Our Land Our Business\"},\"image\":{\"@id\":\"https:\/\/ourlandourbusiness.org\/es\/#\/schema\/logo\/image\/\"}}]}<\/script>\n<!-- \/ Yoast SEO plugin. -->","yoast_head_json":{"title":"Sign The Joint Statement For Organizations - Our Land Our Business","robots":{"index":"index","follow":"follow","max-snippet":"max-snippet:-1","max-image-preview":"max-image-preview:large","max-video-preview":"max-video-preview:-1"},"canonical":"https:\/\/ourlandourbusiness.org\/es\/participa\/for-organisations\/","og_locale":"es_ES","og_type":"article","og_title":"Sign The Joint Statement For Organizations - Our Land Our Business","og_description":"FIRMA LA DECLARACI\u00d3N CONJUNTA DE ORGANIZACIONES S\u00famate a nuestra demanda para decirle al Banco Mundial que no es su negocio clasificar pa\u00edses&hellip;","og_url":"https:\/\/ourlandourbusiness.org\/es\/participa\/for-organisations\/","og_site_name":"Our Land Our Business","article_modified_time":"2015-05-13T12:31:16+00:00","og_image":[{"width":1000,"height":569,"url":"https:\/\/ourlandourbusiness.org\/wp-content\/uploads\/2019\/01\/highest-bidder-med.jpg","type":"image\/jpeg"}],"twitter_card":"summary_large_image","twitter_misc":{"Est. reading time":"2 minutes"},"schema":{"@context":"https:\/\/schema.org","@graph":[{"@type":"WebPage","@id":"https:\/\/ourlandourbusiness.org\/es\/participa\/for-organisations\/","url":"https:\/\/ourlandourbusiness.org\/es\/participa\/for-organisations\/","name":"Sign The Joint Statement For Organizations - Our Land Our Business","isPartOf":{"@id":"https:\/\/ourlandourbusiness.org\/es\/#website"},"datePublished":"2014-03-14T14:08:57+00:00","dateModified":"2015-05-13T12:31:16+00:00","breadcrumb":{"@id":"https:\/\/ourlandourbusiness.org\/es\/participa\/for-organisations\/#breadcrumb"},"inLanguage":"es-ES","potentialAction":[{"@type":"ReadAction","target":["https:\/\/ourlandourbusiness.org\/es\/participa\/for-organisations\/"]}]},{"@type":"BreadcrumbList","@id":"https:\/\/ourlandourbusiness.org\/es\/participa\/for-organisations\/#breadcrumb","itemListElement":[{"@type":"ListItem","position":1,"name":"Home","item":"https:\/\/ourlandourbusiness.org\/es\/"},{"@type":"ListItem","position":2,"name":"PARTICIPA","item":"https:\/\/ourlandourbusiness.org\/es\/participa\/"},{"@type":"ListItem","position":3,"name":"Sign The Joint Statement For Organizations"}]},{"@type":"WebSite","@id":"https:\/\/ourlandourbusiness.org\/es\/#website","url":"https:\/\/ourlandourbusiness.org\/es\/","name":"Our Land Our Business","description":"","publisher":{"@id":"https:\/\/ourlandourbusiness.org\/es\/#organization"},"potentialAction":[{"@type":"SearchAction","target":{"@type":"EntryPoint","urlTemplate":"https:\/\/ourlandourbusiness.org\/es\/?s={search_term_string}"},"query-input":"required name=search_term_string"}],"inLanguage":"es-ES"},{"@type":"Organization","@id":"https:\/\/ourlandourbusiness.org\/es\/#organization","name":"Our Land Our Business","url":"https:\/\/ourlandourbusiness.org\/es\/","logo":{"@type":"ImageObject","inLanguage":"es-ES","@id":"https:\/\/ourlandourbusiness.org\/es\/#\/schema\/logo\/image\/","url":"https:\/\/ourlandourbusiness.org\/wp-content\/uploads\/2014\/05\/OurLandOurBiz_final.jpg","contentUrl":"https:\/\/ourlandourbusiness.org\/wp-content\/uploads\/2014\/05\/OurLandOurBiz_final.jpg","width":1689,"height":742,"caption":"Our Land Our Business"},"image":{"@id":"https:\/\/ourlandourbusiness.org\/es\/#\/schema\/logo\/image\/"}}]}},"_links":{"self":[{"href":"https:\/\/ourlandourbusiness.org\/es\/wp-json\/wp\/v2\/pages\/2175","targetHints":{"allow":["GET"]}}],"collection":[{"href":"https:\/\/ourlandourbusiness.org\/es\/wp-json\/wp\/v2\/pages"}],"about":[{"href":"https:\/\/ourlandourbusiness.org\/es\/wp-json\/wp\/v2\/types\/page"}],"author":[{"embeddable":true,"href":"https:\/\/ourlandourbusiness.org\/es\/wp-json\/wp\/v2\/users\/12"}],"replies":[{"embeddable":true,"href":"https:\/\/ourlandourbusiness.org\/es\/wp-json\/wp\/v2\/comments?post=2175"}],"version-history":[{"count":0,"href":"https:\/\/ourlandourbusiness.org\/es\/wp-json\/wp\/v2\/pages\/2175\/revisions"}],"up":[{"embeddable":true,"href":"https:\/\/ourlandourbusiness.org\/es\/wp-json\/wp\/v2\/pages\/2083"}],"wp:featuredmedia":[{"embeddable":true,"href":"https:\/\/ourlandourbusiness.org\/es\/wp-json\/wp\/v2\/media\/3452"}],"wp:attachment":[{"href":"https:\/\/ourlandourbusiness.org\/es\/wp-json\/wp\/v2\/media?parent=2175"}],"curies":[{"name":"wp","href":"https:\/\/api.w.org\/{rel}","templated":true}]}}